{"id":2346,"date":"2024-12-16T14:43:42","date_gmt":"2024-12-16T14:43:42","guid":{"rendered":"https:\/\/storm-arts.com\/?page_id=2346"},"modified":"2024-12-19T07:16:19","modified_gmt":"2024-12-19T07:16:19","slug":"lp-websites","status":"publish","type":"page","link":"https:\/\/storm-arts.com\/index.php\/lp-websites\/","title":{"rendered":"LP-Websites"},"content":{"rendered":"\t\t<div data-elementor-type=\"wp-page\" data-elementor-id=\"2346\" class=\"elementor elementor-2346\">\n\t\t\t\t\t\t<section class=\"elementor-section elementor-top-section elementor-element elementor-element-78e7f21 elementor-section-boxed elementor-section-height-default elementor-section-height-default\" data-id=\"78e7f21\" data-element_type=\"section\" data-e-type=\"section\">\n\t\t\t\t\t\t<div class=\"elementor-container elementor-column-gap-default\">\n\t\t\t\t\t<div class=\"elementor-column elementor-col-50 elementor-top-column elementor-element elementor-element-58f58bf\" data-id=\"58f58bf\" data-element_type=\"column\" data-e-type=\"column\">\n\t\t\t<div class=\"elementor-widget-wrap elementor-element-populated\">\n\t\t\t\t\t\t<div class=\"elementor-element elementor-element-39ccbf1 elementor-widget elementor-widget-heading\" data-id=\"39ccbf1\" data-element_type=\"widget\" data-e-type=\"widget\" data-widget_type=\"heading.default\">\n\t\t\t\t<div class=\"elementor-widget-container\">\n\t\t\t\t\t<h2 class=\"elementor-heading-title elementor-size-default\">Projektuj\u0119 strony internetowe z my\u015bl\u0105 o Twoim sukcesie.<\/h2>\t\t\t\t<\/div>\n\t\t\t\t<\/div>\n\t\t\t\t<div class=\"elementor-element elementor-element-7dbce43 elementor-widget elementor-widget-text-editor\" data-id=\"7dbce43\" data-element_type=\"widget\" data-e-type=\"widget\" data-widget_type=\"text-editor.default\">\n\t\t\t\t<div class=\"elementor-widget-container\">\n\t\t\t\t\t\t\t\t\t<p>Potrzebujesz profesjonalnej strony www lub landing page, kt\u00f3ra przyci\u0105gnie klient\u00f3w i wzmocni Twoj\u0105 mark\u0119? Jeste\u015b we w\u0142a\u015bciwym miejscu!<\/p>\t\t\t\t\t\t\t\t<\/div>\n\t\t\t\t<\/div>\n\t\t\t\t<div class=\"elementor-element elementor-element-c6886dc elementor-widget elementor-widget-text-editor\" data-id=\"c6886dc\" data-element_type=\"widget\" data-e-type=\"widget\" data-widget_type=\"text-editor.default\">\n\t\t\t\t<div class=\"elementor-widget-container\">\n\t\t\t\t\t\t\t\t\t<p>Strona firmy to kana\u0142 kontaktu mi\u0119dzy Tob\u0105 i Twoimi ofertami a potencjalnym klientem. Jest ona biznesow\u0105 wizyt\u00f3wk\u0105 i miejscem, w kt\u00f3rym klient ma po raz pierwszy styczno\u015b\u0107 z dan\u0105 mark\u0105.<\/p>\t\t\t\t\t\t\t\t<\/div>\n\t\t\t\t<\/div>\n\t\t\t\t\t<\/div>\n\t\t<\/div>\n\t\t\t\t<div class=\"elementor-column elementor-col-50 elementor-top-column elementor-element elementor-element-b14f5df\" data-id=\"b14f5df\" data-element_type=\"column\" data-e-type=\"column\">\n\t\t\t<div class=\"elementor-widget-wrap elementor-element-populated\">\n\t\t\t\t\t\t<div class=\"elementor-element elementor-element-77880bd elementor-widget elementor-widget-image\" data-id=\"77880bd\" data-element_type=\"widget\" data-e-type=\"widget\" data-widget_type=\"image.default\">\n\t\t\t\t<div class=\"elementor-widget-container\">\n\t\t\t\t\t\t\t\t\t\t\t\t\t\t\t<img decoding=\"async\" src=\"https:\/\/storm-arts.com\/wp-content\/plugins\/elementor\/assets\/images\/placeholder.png\" title=\"\" alt=\"\" loading=\"lazy\" \/>\t\t\t\t\t\t\t\t\t\t\t\t\t\t\t<\/div>\n\t\t\t\t<\/div>\n\t\t\t\t\t<\/div>\n\t\t<\/div>\n\t\t\t\t\t<\/div>\n\t\t<\/section>\n\t\t\t\t<section class=\"elementor-section elementor-top-section elementor-element elementor-element-3d371dd elementor-section-boxed elementor-section-height-default elementor-section-height-default\" data-id=\"3d371dd\" data-element_type=\"section\" data-e-type=\"section\">\n\t\t\t\t\t\t<div class=\"elementor-container elementor-column-gap-default\">\n\t\t\t\t\t<div class=\"elementor-column elementor-col-100 elementor-top-column elementor-element elementor-element-f257037\" data-id=\"f257037\" data-element_type=\"column\" data-e-type=\"column\">\n\t\t\t<div class=\"elementor-widget-wrap elementor-element-populated\">\n\t\t\t\t\t\t<div class=\"elementor-element elementor-element-7072895 elementor-widget elementor-widget-heading\" data-id=\"7072895\" data-element_type=\"widget\" data-e-type=\"widget\" data-widget_type=\"heading.default\">\n\t\t\t\t<div class=\"elementor-widget-container\">\n\t\t\t\t\t<h2 class=\"elementor-heading-title elementor-size-default\">Co oferuj\u0119:<\/h2>\t\t\t\t<\/div>\n\t\t\t\t<\/div>\n\t\t\t\t<div class=\"elementor-element elementor-element-48b6bf1 elementor-widget elementor-widget-text-editor\" data-id=\"48b6bf1\" data-element_type=\"widget\" data-e-type=\"widget\" data-widget_type=\"text-editor.default\">\n\t\t\t\t<div class=\"elementor-widget-container\">\n\t\t\t\t\t\t\t\t\t<p>Nowoczesne i responsywne strony www dopasowane do Twojego biznesu<\/p><p>Stworzymy internetow\u0105 wizyt\u00f3wk\u0119 firmy, kt\u00f3ra przykuje uwag\u0119 odwiedzaj\u0105cych i\u00a0zainteresuje ich ofert\u0105.<\/p><p>Skuteczne landing page\u00a0 zwi\u0119kszaj\u0105ce konwersj\u0119<br \/>Pomo\u017cemy Ci zrobi\u0107 wra\u017cenie na klientach i pokaza\u0107 im, co masz do zaoferowania za pomoc\u0105 kreatywnej strony sprzeda\u017cowej.<\/p><p>Kompleksow\u0105 opiek\u0119 nad Twoj\u0105 stron\u0105 po jej wdro\u017ceniu<br \/>Regularne aktualizacje, monitorowanie bezpiecze\u0144stwa i dodawanie tre\u015bci zapewniaj\u0105 sprawne i bezpieczne dzia\u0142anie strony, co\u00a0jest kluczowe dla rozwoju Twojego biznesu.<\/p>\t\t\t\t\t\t\t\t<\/div>\n\t\t\t\t<\/div>\n\t\t\t\t\t<\/div>\n\t\t<\/div>\n\t\t\t\t\t<\/div>\n\t\t<\/section>\n\t\t\t\t<section class=\"elementor-section elementor-top-section elementor-element elementor-element-071a58d elementor-section-boxed elementor-section-height-default elementor-section-height-default\" data-id=\"071a58d\" data-element_type=\"section\" data-e-type=\"section\">\n\t\t\t\t\t\t<div class=\"elementor-container elementor-column-gap-default\">\n\t\t\t\t\t<div class=\"elementor-column elementor-col-100 elementor-top-column elementor-element elementor-element-c1409e9\" data-id=\"c1409e9\" data-element_type=\"column\" data-e-type=\"column\">\n\t\t\t<div class=\"elementor-widget-wrap elementor-element-populated\">\n\t\t\t\t\t\t<div class=\"elementor-element elementor-element-48e7506 elementor-widget elementor-widget-heading\" data-id=\"48e7506\" data-element_type=\"widget\" data-e-type=\"widget\" data-widget_type=\"heading.default\">\n\t\t\t\t<div class=\"elementor-widget-container\">\n\t\t\t\t\t<h2 class=\"elementor-heading-title elementor-size-default\">Dlaczego warto mie\u0107 profesjonaln\u0105 stron\u0119?<\/h2>\t\t\t\t<\/div>\n\t\t\t\t<\/div>\n\t\t\t\t<div class=\"elementor-element elementor-element-0730071 elementor-widget elementor-widget-text-editor\" data-id=\"0730071\" data-element_type=\"widget\" data-e-type=\"widget\" data-widget_type=\"text-editor.default\">\n\t\t\t\t<div class=\"elementor-widget-container\">\n\t\t\t\t\t\t\t\t\t<p>Twoja strona internetowa to pierwszy kontakt z klientem. Zanim jeszcze zd\u0105\u017cysz porozmawia\u0107 z nimi osobi\u015bcie, witryna ma za zadanie przekona\u0107 ich do Twojej oferty. Pierwsze wra\u017cenie ma ogromne znaczenie \u2013 badania pokazuj\u0105, \u017ce u\u017cytkownicy oceniaj\u0105 stron\u0119 w zaledwie 3 sekundy, a 75% z nich podejmuje decyzj\u0119 o zaufaniu firmie na podstawie jej wygl\u0105du w internecie.<\/p><p>\u00a0<\/p><p>1. Budujesz profesjonalny wizerunek i zwi\u0119kszasz wiarygodno\u015b\u0107<br \/>Strona internetowa jest wizyt\u00f3wk\u0105 firmy w sieci \u2013 pokazuje, \u017ce Twoja dzia\u0142alno\u015b\u0107 jest profesjonalna i transparentna. Klienci maj\u0105 wi\u0119ksze zaufanie do firm, kt\u00f3re prezentuj\u0105 swoj\u0105 ofert\u0119 w nowoczesny i przejrzysty spos\u00f3b. Zadbana witryna stawia Ci\u0119 w jednym rz\u0119dzie z najwi\u0119kszymi graczami w bran\u017cy.<\/p><p>2. Skuteczniej komunikujesz si\u0119 z klientami<br \/>Zintegrowane narz\u0119dzia, takie jak formularze kontaktowe, newslettery czy sekcja FAQ, pozwalaj\u0105 lepiej odpowiada\u0107 na potrzeby odbiorc\u00f3w. Regularne aktualizacje, takie jak blog firmowy czy newsy, pomagaj\u0105 budowa\u0107 d\u0142ugotrwa\u0142e relacje i anga\u017cowa\u0107 u\u017cytkownik\u00f3w.<\/p><p>3. Oszcz\u0119dzasz czas, automatyzuj\u0105c dzia\u0142ania<br \/>Strona internetowa dzia\u0142a 24\/7, dostarczaj\u0105c klientom informacji o Twoich us\u0142ugach czy produktach nawet wtedy, gdy nie mo\u017cesz odpowiedzie\u0107 osobi\u015bcie. Automatyzacja \u2013 np. rezerwacje online, zam\u00f3wienia, czy odpowiedzi na najcz\u0119\u015bciej zadawane pytania \u2013 pozwala Ci skupi\u0107 si\u0119 na innych aspektach prowadzenia biznesu.<\/p><p>4. Otwierasz drzwi do nowych mo\u017cliwo\u015bci biznesowych<br \/>Dzi\u0119ki obecno\u015bci online mo\u017cesz nawi\u0105za\u0107 wsp\u00f3\u0142prac\u0119 z innymi firmami, inwestorami czy partnerami biznesowymi. Strona www staje si\u0119 platform\u0105, na kt\u00f3rej \u0142atwo pokazujesz swoje osi\u0105gni\u0119cia, realizacje i opinie klient\u00f3w.<\/p><p>5. Zwi\u0119kszasz efektywno\u015b\u0107 kampanii reklamowych<br \/>Wszystkie dzia\u0142ania marketingowe \u2013 od reklam Google Ads po social media \u2013 prowadz\u0105 u\u017cytkownik\u00f3w na Twoj\u0105 stron\u0119. Dobrze zaprojektowana witryna zwi\u0119ksza efektywno\u015b\u0107 tych dzia\u0142a\u0144, zamieniaj\u0105c odwiedzaj\u0105cych w klient\u00f3w.<\/p><p>6. Masz pe\u0142n\u0105 kontrol\u0119 nad komunikacj\u0105 marki<br \/>Strona internetowa to miejsce, w kt\u00f3rym masz pe\u0142n\u0105 swobod\u0119 w prezentacji swojej marki. W przeciwie\u0144stwie do social medi\u00f3w, kt\u00f3re podlegaj\u0105 zewn\u0119trznym regulacjom, tutaj decydujesz, jak chcesz komunikowa\u0107 si\u0119 z odbiorcami.<\/p>\t\t\t\t\t\t\t\t<\/div>\n\t\t\t\t<\/div>\n\t\t\t\t\t<\/div>\n\t\t<\/div>\n\t\t\t\t\t<\/div>\n\t\t<\/section>\n\t\t\t\t<section class=\"elementor-section elementor-top-section elementor-element elementor-element-54c2a05 elementor-section-boxed elementor-section-height-default elementor-section-height-default\" data-id=\"54c2a05\" data-element_type=\"section\" data-e-type=\"section\">\n\t\t\t\t\t\t<div class=\"elementor-container elementor-column-gap-default\">\n\t\t\t\t\t<div class=\"elementor-column elementor-col-100 elementor-top-column elementor-element elementor-element-02f5e3c\" data-id=\"02f5e3c\" data-element_type=\"column\" data-e-type=\"column\">\n\t\t\t<div class=\"elementor-widget-wrap elementor-element-populated\">\n\t\t\t\t\t\t<div class=\"elementor-element elementor-element-aed3ede elementor-align-center elementor-widget elementor-widget-button\" data-id=\"aed3ede\" data-element_type=\"widget\" data-e-type=\"widget\" data-widget_type=\"button.default\">\n\t\t\t\t<div class=\"elementor-widget-container\">\n\t\t\t\t\t\t\t\t\t<div class=\"elementor-button-wrapper\">\n\t\t\t\t\t<a class=\"elementor-button elementor-button-link elementor-size-sm\" href=\"#\">\n\t\t\t\t\t\t<span class=\"elementor-button-content-wrapper\">\n\t\t\t\t\t\t\t\t\t<span class=\"elementor-button-text\">Um\u00f3w si\u0119 na rozmow\u0119 wst\u0119pn\u0105<\/span>\n\t\t\t\t\t<\/span>\n\t\t\t\t\t<\/a>\n\t\t\t\t<\/div>\n\t\t\t\t\t\t\t\t<\/div>\n\t\t\t\t<\/div>\n\t\t\t\t\t<\/div>\n\t\t<\/div>\n\t\t\t\t\t<\/div>\n\t\t<\/section>\n\t\t\t\t<section class=\"elementor-section elementor-top-section elementor-element elementor-element-dc07877 elementor-section-boxed elementor-section-height-default elementor-section-height-default\" data-id=\"dc07877\" data-element_type=\"section\" data-e-type=\"section\">\n\t\t\t\t\t\t<div class=\"elementor-container elementor-column-gap-default\">\n\t\t\t\t\t<div class=\"elementor-column elementor-col-100 elementor-top-column elementor-element elementor-element-c5eacbf\" data-id=\"c5eacbf\" data-element_type=\"column\" data-e-type=\"column\">\n\t\t\t<div class=\"elementor-widget-wrap\">\n\t\t\t\t\t\t\t<\/div>\n\t\t<\/div>\n\t\t\t\t\t<\/div>\n\t\t<\/section>\n\t\t\t\t<section class=\"elementor-section elementor-top-section elementor-element elementor-element-789fae0 elementor-section-boxed elementor-section-height-default elementor-section-height-default\" data-id=\"789fae0\" data-element_type=\"section\" data-e-type=\"section\">\n\t\t\t\t\t\t<div class=\"elementor-container elementor-column-gap-default\">\n\t\t\t\t\t<div class=\"elementor-column elementor-col-50 elementor-top-column elementor-element elementor-element-91ac26d\" data-id=\"91ac26d\" data-element_type=\"column\" data-e-type=\"column\">\n\t\t\t<div class=\"elementor-widget-wrap elementor-element-populated\">\n\t\t\t\t\t\t<div class=\"elementor-element elementor-element-f27b070 elementor-widget elementor-widget-heading\" data-id=\"f27b070\" data-element_type=\"widget\" data-e-type=\"widget\" data-widget_type=\"heading.default\">\n\t\t\t\t<div class=\"elementor-widget-container\">\n\t\t\t\t\t<h2 class=\"elementor-heading-title elementor-size-default\">Cechy wsp\u00f3\u0142pracy ze mn\u0105:<\/h2>\t\t\t\t<\/div>\n\t\t\t\t<\/div>\n\t\t\t\t<div class=\"elementor-element elementor-element-7e66bb2 elementor-widget elementor-widget-text-editor\" data-id=\"7e66bb2\" data-element_type=\"widget\" data-e-type=\"widget\" data-widget_type=\"text-editor.default\">\n\t\t\t\t<div class=\"elementor-widget-container\">\n\t\t\t\t\t\t\t\t\t<p>Indywidualne podej\u015bcie: Ka\u017cda strona www jest tworzona z my\u015bl\u0105 o realizacji Twoich unikalnych cel\u00f3w biznesowych.<\/p><p>Nowoczesna grafika: Estetyczny design buduj\u0105cy zaufanie i wzmacniaj\u0105cy mark\u0119.<\/p><p>Funkcjonalno\u015b\u0107 i intuicyjno\u015b\u0107: Proste i przyjazne dla u\u017cytkownika strony, wspierane najnowszymi technologiami.<\/p><p>Otwarta komunikacja: S\u0142ucham Twoich potrzeb i pomagam okre\u015bli\u0107 cele Twojej strony.<\/p>\t\t\t\t\t\t\t\t<\/div>\n\t\t\t\t<\/div>\n\t\t\t\t\t<\/div>\n\t\t<\/div>\n\t\t\t\t<div class=\"elementor-column elementor-col-50 elementor-top-column elementor-element elementor-element-79f8b52\" data-id=\"79f8b52\" data-element_type=\"column\" data-e-type=\"column\">\n\t\t\t<div class=\"elementor-widget-wrap elementor-element-populated\">\n\t\t\t\t\t\t<div class=\"elementor-element elementor-element-b1f46f2 elementor-widget elementor-widget-heading\" data-id=\"b1f46f2\" data-element_type=\"widget\" data-e-type=\"widget\" data-widget_type=\"heading.default\">\n\t\t\t\t<div class=\"elementor-widget-container\">\n\t\t\t\t\t<h2 class=\"elementor-heading-title elementor-size-default\">Proces tworzenia strony:<\/h2>\t\t\t\t<\/div>\n\t\t\t\t<\/div>\n\t\t\t\t<div class=\"elementor-element elementor-element-fc4db7f elementor-widget elementor-widget-text-editor\" data-id=\"fc4db7f\" data-element_type=\"widget\" data-e-type=\"widget\" data-widget_type=\"text-editor.default\">\n\t\t\t\t<div class=\"elementor-widget-container\">\n\t\t\t\t\t\t\t\t\t<p>1.Analiza potrzeb<br \/>Poznanie Twojego biznesu i oczekiwa\u0144<br \/>Okre\u015blenie zakresu prac i szczeg\u00f3\u0142\u00f3w wsp\u00f3\u0142pracy<br \/>Wycena projektu<br \/>2.Prace koncepcyjne<br \/>Tworzenie struktury strony<br \/>3.Projektowanie<br \/>Stworzenie projektu w oparciu o ustalone wytyczne<br \/>Om\u00f3wienie projektu i naniesienie poprawek<br \/>4.Testowanie<br \/>Szereg test\u00f3w funkcjonalnych na r\u00f3\u017cnych urz\u0105dzeniach i przegl\u0105darkach<br \/>5.Odbi\u00f3r strony<br \/>Finalne rozliczenie<br \/>Przekazanie dost\u0119p\u00f3w i szkolenie z obs\u0142ugi<\/p><p>\u00a0<\/p><p>Dodatkowa us\u0142uga: Opieka nad stron\u0105<br \/>Zapewniam kompleksow\u0105 opiek\u0119 nad Twoj\u0105 stron\u0105 po jej wdro\u017ceniu:<br \/>\u2022 Regularne aktualizacje<br \/>\u2022 Monitorowanie bezpiecze\u0144stwa<br \/>\u2022 Dodawanie nowych tre\u015bci<br \/>Dzi\u0119ki temu Twoja strona b\u0119dzie dzia\u0142a\u0107 sprawnie i bezpiecznie, wspieraj\u0105c rozw\u00f3j Twojego biznesu.<\/p>\t\t\t\t\t\t\t\t<\/div>\n\t\t\t\t<\/div>\n\t\t\t\t\t<\/div>\n\t\t<\/div>\n\t\t\t\t\t<\/div>\n\t\t<\/section>\n\t\t\t\t<section class=\"elementor-section elementor-top-section elementor-element elementor-element-d512a71 elementor-section-boxed elementor-section-height-default elementor-section-height-default\" data-id=\"d512a71\" data-element_type=\"section\" data-e-type=\"section\">\n\t\t\t\t\t\t<div class=\"elementor-container elementor-column-gap-default\">\n\t\t\t\t\t<div class=\"elementor-column elementor-col-100 elementor-top-column elementor-element elementor-element-83ea434\" data-id=\"83ea434\" data-element_type=\"column\" data-e-type=\"column\">\n\t\t\t<div class=\"elementor-widget-wrap elementor-element-populated\">\n\t\t\t\t\t\t<div class=\"elementor-element elementor-element-99df559 elementor-align-center elementor-widget elementor-widget-button\" data-id=\"99df559\" data-element_type=\"widget\" data-e-type=\"widget\" data-widget_type=\"button.default\">\n\t\t\t\t<div class=\"elementor-widget-container\">\n\t\t\t\t\t\t\t\t\t<div class=\"elementor-button-wrapper\">\n\t\t\t\t\t<a class=\"elementor-button elementor-button-link elementor-size-sm\" href=\"#\">\n\t\t\t\t\t\t<span class=\"elementor-button-content-wrapper\">\n\t\t\t\t\t\t\t\t\t<span class=\"elementor-button-text\">Um\u00f3w si\u0119 na rozmow\u0119 wst\u0119pn\u0105<\/span>\n\t\t\t\t\t<\/span>\n\t\t\t\t\t<\/a>\n\t\t\t\t<\/div>\n\t\t\t\t\t\t\t\t<\/div>\n\t\t\t\t<\/div>\n\t\t\t\t\t<\/div>\n\t\t<\/div>\n\t\t\t\t\t<\/div>\n\t\t<\/section>\n\t\t\t\t<section class=\"elementor-section elementor-top-section elementor-element elementor-element-b65e600 elementor-section-boxed elementor-section-height-default elementor-section-height-default\" data-id=\"b65e600\" data-element_type=\"section\" data-e-type=\"section\">\n\t\t\t\t\t\t<div class=\"elementor-container elementor-column-gap-default\">\n\t\t\t\t\t<div class=\"elementor-column elementor-col-50 elementor-top-column elementor-element elementor-element-59639b2\" data-id=\"59639b2\" data-element_type=\"column\" data-e-type=\"column\">\n\t\t\t<div class=\"elementor-widget-wrap elementor-element-populated\">\n\t\t\t\t\t\t<div class=\"elementor-element elementor-element-9d8fdb3 elementor-widget elementor-widget-heading\" data-id=\"9d8fdb3\" data-element_type=\"widget\" data-e-type=\"widget\" data-widget_type=\"heading.default\">\n\t\t\t\t<div class=\"elementor-widget-container\">\n\t\t\t\t\t<h2 class=\"elementor-heading-title elementor-size-default\">Cechy wsp\u00f3\u0142pracy ze mn\u0105:<\/h2>\t\t\t\t<\/div>\n\t\t\t\t<\/div>\n\t\t\t\t<div class=\"elementor-element elementor-element-fb87592 elementor-widget elementor-widget-text-editor\" data-id=\"fb87592\" data-element_type=\"widget\" data-e-type=\"widget\" data-widget_type=\"text-editor.default\">\n\t\t\t\t<div class=\"elementor-widget-container\">\n\t\t\t\t\t\t\t\t\t<p>Indywidualne podej\u015bcie: Ka\u017cda strona www jest tworzona z my\u015bl\u0105 o realizacji Twoich unikalnych cel\u00f3w biznesowych.<\/p><p>Nowoczesna grafika: Estetyczny design buduj\u0105cy zaufanie i wzmacniaj\u0105cy mark\u0119.<\/p><p>Funkcjonalno\u015b\u0107 i intuicyjno\u015b\u0107: Proste i przyjazne dla u\u017cytkownika strony, wspierane najnowszymi technologiami.<\/p><p>Otwarta komunikacja: S\u0142ucham Twoich potrzeb i pomagam okre\u015bli\u0107 cele Twojej strony.<\/p>\t\t\t\t\t\t\t\t<\/div>\n\t\t\t\t<\/div>\n\t\t\t\t\t<\/div>\n\t\t<\/div>\n\t\t\t\t<div class=\"elementor-column elementor-col-50 elementor-top-column elementor-element elementor-element-1525dc3\" data-id=\"1525dc3\" data-element_type=\"column\" data-e-type=\"column\">\n\t\t\t<div class=\"elementor-widget-wrap elementor-element-populated\">\n\t\t\t\t\t\t<div class=\"elementor-element elementor-element-bcb79d8 elementor-widget elementor-widget-image\" data-id=\"bcb79d8\" data-element_type=\"widget\" data-e-type=\"widget\" data-widget_type=\"image.default\">\n\t\t\t\t<div class=\"elementor-widget-container\">\n\t\t\t\t\t\t\t\t\t\t\t\t\t\t\t<img decoding=\"async\" src=\"https:\/\/storm-arts.com\/wp-content\/plugins\/elementor\/assets\/images\/placeholder.png\" title=\"\" alt=\"\" loading=\"lazy\" \/>\t\t\t\t\t\t\t\t\t\t\t\t\t\t\t<\/div>\n\t\t\t\t<\/div>\n\t\t\t\t\t<\/div>\n\t\t<\/div>\n\t\t\t\t\t<\/div>\n\t\t<\/section>\n\t\t\t\t<\/div>\n\t\t","protected":false},"excerpt":{"rendered":"<p>Projektuj\u0119 strony internetowe z my\u015bl\u0105 o Twoim sukcesie. Potrzebujesz profesjonalnej strony www lub landing page, kt\u00f3ra przyci\u0105gnie klient\u00f3w i wzmocni Twoj\u0105 mark\u0119? Jeste\u015b we w\u0142a\u015bciwym miejscu! Strona firmy to kana\u0142 kontaktu mi\u0119dzy Tob\u0105 i Twoimi ofertami a potencjalnym klientem. Jest ona biznesow\u0105 wizyt\u00f3wk\u0105 i miejscem, w kt\u00f3rym klient ma po raz pierwszy styczno\u015b\u0107 z dan\u0105 [&hellip;]<\/p>\n","protected":false},"author":1,"featured_media":0,"parent":0,"menu_order":0,"comment_status":"closed","ping_status":"closed","template":"elementor_header_footer","meta":{"ocean_post_layout":"full-width","ocean_both_sidebars_style":"","ocean_both_sidebars_content_width":0,"ocean_both_sidebars_sidebars_width":0,"ocean_sidebar":"","ocean_second_sidebar":"","ocean_disable_margins":"enable","ocean_add_body_class":"","ocean_shortcode_before_top_bar":"","ocean_shortcode_after_top_bar":"","ocean_shortcode_before_header":"","ocean_shortcode_after_header":"","ocean_has_shortcode":"","ocean_shortcode_after_title":"","ocean_shortcode_before_footer_widgets":"","ocean_shortcode_after_footer_widgets":"","ocean_shortcode_before_footer_bottom":"","ocean_shortcode_after_footer_bottom":"","ocean_display_top_bar":"off","ocean_display_header":"off","ocean_header_style":"","ocean_center_header_left_menu":"","ocean_custom_header_template":"","ocean_custom_logo":0,"ocean_custom_retina_logo":0,"ocean_custom_logo_max_width":0,"ocean_custom_logo_tablet_max_width":0,"ocean_custom_logo_mobile_max_width":0,"ocean_custom_logo_max_height":0,"ocean_custom_logo_tablet_max_height":0,"ocean_custom_logo_mobile_max_height":0,"ocean_header_custom_menu":"","ocean_menu_typo_font_family":"","ocean_menu_typo_font_subset":"","ocean_menu_typo_font_size":0,"ocean_menu_typo_font_size_tablet":0,"ocean_menu_typo_font_size_mobile":0,"ocean_menu_typo_font_size_unit":"px","ocean_menu_typo_font_weight":"","ocean_menu_typo_font_weight_tablet":"","ocean_menu_typo_font_weight_mobile":"","ocean_menu_typo_transform":"","ocean_menu_typo_transform_tablet":"","ocean_menu_typo_transform_mobile":"","ocean_menu_typo_line_height":0,"ocean_menu_typo_line_height_tablet":0,"ocean_menu_typo_line_height_mobile":0,"ocean_menu_typo_line_height_unit":"","ocean_menu_typo_spacing":0,"ocean_menu_typo_spacing_tablet":0,"ocean_menu_typo_spacing_mobile":0,"ocean_menu_typo_spacing_unit":"","ocean_menu_link_color":"","ocean_menu_link_color_hover":"","ocean_menu_link_color_active":"","ocean_menu_link_background":"","ocean_menu_link_hover_background":"","ocean_menu_link_active_background":"","ocean_menu_social_links_bg":"","ocean_menu_social_hover_links_bg":"","ocean_menu_social_links_color":"","ocean_menu_social_hover_links_color":"","ocean_disable_title":"on","ocean_disable_heading":"default","ocean_post_title":"","ocean_post_subheading":"","ocean_post_title_style":"","ocean_post_title_background_color":"","ocean_post_title_background":0,"ocean_post_title_bg_image_position":"","ocean_post_title_bg_image_attachment":"","ocean_post_title_bg_image_repeat":"","ocean_post_title_bg_image_size":"","ocean_post_title_height":0,"ocean_post_title_bg_overlay":0.5,"ocean_post_title_bg_overlay_color":"","ocean_disable_breadcrumbs":"default","ocean_breadcrumbs_color":"","ocean_breadcrumbs_separator_color":"","ocean_breadcrumbs_links_color":"","ocean_breadcrumbs_links_hover_color":"","ocean_display_footer_widgets":"off","ocean_display_footer_bottom":"on","ocean_custom_footer_template":"","footnotes":""},"class_list":["post-2346","page","type-page","status-publish","hentry","entry"],"_links":{"self":[{"href":"https:\/\/storm-arts.com\/index.php\/wp-json\/wp\/v2\/pages\/2346","targetHints":{"allow":["GET"]}}],"collection":[{"href":"https:\/\/storm-arts.com\/index.php\/wp-json\/wp\/v2\/pages"}],"about":[{"href":"https:\/\/storm-arts.com\/index.php\/wp-json\/wp\/v2\/types\/page"}],"author":[{"embeddable":true,"href":"https:\/\/storm-arts.com\/index.php\/wp-json\/wp\/v2\/users\/1"}],"replies":[{"embeddable":true,"href":"https:\/\/storm-arts.com\/index.php\/wp-json\/wp\/v2\/comments?post=2346"}],"version-history":[{"count":4,"href":"https:\/\/storm-arts.com\/index.php\/wp-json\/wp\/v2\/pages\/2346\/revisions"}],"predecessor-version":[{"id":2367,"href":"https:\/\/storm-arts.com\/index.php\/wp-json\/wp\/v2\/pages\/2346\/revisions\/2367"}],"wp:attachment":[{"href":"https:\/\/storm-arts.com\/index.php\/wp-json\/wp\/v2\/media?parent=2346"}],"curies":[{"name":"wp","href":"https:\/\/api.w.org\/{rel}","templated":true}]}}